{"id":119,"date":"2026-01-08T08:28:05","date_gmt":"2026-01-08T08:28:05","guid":{"rendered":"https:\/\/gitesmedia.pl\/?page_id=119"},"modified":"2026-01-08T08:37:15","modified_gmt":"2026-01-08T08:37:15","slug":"montaz-wideo","status":"publish","type":"page","link":"https:\/\/gitesmedia.pl\/index.php\/montaz-wideo\/","title":{"rendered":"monta\u017c wideo"},"content":{"rendered":"\n<div class=\"wp-block-group wow animate__animated animate__fadeInUp has-global-padding is-layout-constrained wp-block-group-is-layout-constrained\" style=\"margin-top:0;margin-bottom:0;padding-top:var(--wp--preset--spacing--50);padding-bottom:var(--wp--preset--spacing--50)\">\n<div class=\"wp-block-columns are-vertically-aligned-center is-layout-flex wp-container-core-columns-is-layout-7fc3d43a wp-block-columns-is-layout-flex\">\n<div class=\"wp-block-column is-vertically-aligned-center wow animate__animated animate__fadeInUp is-layout-flow wp-block-column-is-layout-flow\" style=\"flex-basis:45%\">\n<div class=\"wp-block-group has-global-padding is-layout-constrained wp-block-group-is-layout-constrained\" style=\"margin-top:0;margin-bottom:0;padding-top:0;padding-bottom:0\">\n<p>Oferujemy <strong>profesjonalny monta\u017c wideo<\/strong>, kt\u00f3ry wyr\u00f3\u017cnia si\u0119 szybko\u015bci\u0105, precyzj\u0105 i kreatywno\u015bci\u0105. Pracujemy na <strong>najszybszym dost\u0119pnym sprz\u0119cie komputerowym<\/strong>, wykorzystuj\u0105c <strong>Adobe Premiere i After Effects<\/strong>, dzi\u0119ki czemu jeste\u015bmy w stanie realizowa\u0107 nawet najbardziej wymagaj\u0105ce projekty nawet w rozdzielczo\u015bci 16K!<\/p>\n\n\n\n<p>Dbamy o ka\u017cdy detal \u2013 od rytmu scen, przez korekcj\u0119 kolor\u00f3w, efekty wizualne, animacje i finalny mastering. Montujemy zar\u00f3wno materia\u0142y nagrane przez nasz zesp\u00f3\u0142, jak i <strong>filmy dostarczone przez klient\u00f3w lub firmy<\/strong>, dostosowuj\u0105c je do profesjonalnego standardu publikacji.<\/p>\n\n\n\n<p>Naszym atutem jest <strong>po\u0142\u0105czenie technicznej perfekcji z artystycznym podej\u015bciem<\/strong> \u2013 jako zesp\u00f3\u0142 muzyk\u00f3w i tw\u00f3rc\u00f3w wideo doskonale rozumiemy rytm i emocje materia\u0142u. Dzi\u0119ki temu nasze monta\u017ce nie tylko wygl\u0105daj\u0105 profesjonalnie, ale idealnie wsp\u00f3\u0142graj\u0105 z d\u017awi\u0119kiem i przekazem Twojej produkcji.<\/p>\n\n\n\n<p style=\"margin-top:10px;margin-bottom:0\">Tworzymy materia\u0142y gotowe do publikacji w <strong>social mediach, telewizji i na platformach streamingowych<\/strong>, kt\u00f3re przyci\u0105gaj\u0105 uwag\u0119 i zwi\u0119kszaj\u0105 zaanga\u017cowanie odbiorc\u00f3w.<\/p>\n\n\n\n<div class=\"wp-block-buttons is-content-justification-left is-layout-flex wp-container-core-buttons-is-layout-bdd95141 wp-block-buttons-is-layout-flex\" style=\"margin-top:var(--wp--preset--spacing--30)\">\n<div class=\"wp-block-button\"><a class=\"wp-block-button__link has-primary-background-color has-background wp-element-button\" style=\"padding-top:var(--wp--preset--spacing--10);padding-right:var(--wp--preset--spacing--40);padding-bottom:var(--wp--preset--spacing--10);padding-left:var(--wp--preset--spacing--40)\">Masz pytania? Ch\u0119tnie odpowiemy<\/a><\/div>\n<\/div>\n<\/div>\n<\/div>\n\n\n\n<div class=\"wp-block-column is-vertically-aligned-center wow animate__animated animate__fadeInUp is-layout-flow wp-block-column-is-layout-flow\">\n<figure class=\"wp-block-image size-large has-custom-border\"><img decoding=\"async\" src=\"https:\/\/gitesmedia.pl\/wp-content\/themes\/agencygrove\/assets\/images\/about.jpg\" alt=\"\" class=\"wp-image-82\" style=\"border-radius:8px\"\/><\/figure>\n<\/div>\n<\/div>\n<\/div>\n\n\n\n<div class=\"wp-block-group wow animate__animated animate__fadeInUp has-global-padding is-layout-constrained wp-block-group-is-layout-constrained\" style=\"margin-top:0;margin-bottom:0;padding-top:var(--wp--preset--spacing--50);padding-bottom:var(--wp--preset--spacing--50)\">\n<div class=\"wp-block-columns are-vertically-aligned-center is-layout-flex wp-container-core-columns-is-layout-7fc3d43a wp-block-columns-is-layout-flex\">\n<div class=\"wp-block-column is-vertically-aligned-center wow animate__animated animate__fadeInUp is-layout-flow wp-block-column-is-layout-flow\">\n<figure class=\"wp-block-image size-large has-custom-border\"><img decoding=\"async\" src=\"https:\/\/gitesmedia.pl\/wp-content\/themes\/agencygrove\/assets\/images\/about.jpg\" alt=\"\" class=\"wp-image-82\" style=\"border-radius:8px\"\/><\/figure>\n<\/div>\n\n\n\n<div class=\"wp-block-column is-vertically-aligned-center wow animate__animated animate__fadeInUp is-layout-flow wp-block-column-is-layout-flow\" style=\"flex-basis:45%\">\n<div class=\"wp-block-group has-global-padding is-layout-constrained wp-block-group-is-layout-constrained\" style=\"margin-top:0;margin-bottom:0;padding-top:0;padding-bottom:0\">\n<p class=\"has-text-align-left\" style=\"margin-top:0;margin-bottom:0\"><mark style=\"background-color:rgba(0, 0, 0, 0);color:#01a4ef\" class=\"has-inline-color\">MONTA\u017b WIDEO<\/mark><\/p>\n\n\n\n<h2 class=\"wp-block-heading has-text-align-left has-body-font-family\" style=\"margin-top:0;font-size:clamp(20px, 1.25rem + ((1vw - 3.2px) * 1.463), 32px);font-style:normal;font-weight:500;line-height:1.2\"><mark style=\"background-color:rgba(0, 0, 0, 0)\" class=\"has-inline-color has-primary-color\">pytania i <\/mark><mark style=\"background-color:rgba(0, 0, 0, 0);color:#fa069d\" class=\"has-inline-color\">odpowiedzi<\/mark><\/h2>\n\n\n\n<details class=\"wp-block-details has-border-color has-accent-5-border-color has-base-background-color has-background is-layout-flow wp-container-core-details-is-layout-0573dcd3 wp-block-details-is-layout-flow\" style=\"border-width:1px;margin-bottom:var(--wp--preset--spacing--10);padding-top:var(--wp--preset--spacing--10);padding-right:var(--wp--preset--spacing--20);padding-bottom:var(--wp--preset--spacing--10);padding-left:var(--wp--preset--spacing--20);font-size:clamp(14px, 0.875rem + ((1vw - 3.2px) * 0.488), 18px);font-style:normal;font-weight:600\"><summary>Jak d\u0142ugo trwa monta\u017c filmu?<\/summary>\n<p class=\"has-contrast-color has-text-color has-link-color wp-elements-c8fce4bf96a9390443be6b45b7764f1f\" style=\"font-style:normal;font-weight:400\">Czas zale\u017cy od d\u0142ugo\u015bci materia\u0142u i stopnia skomplikowania efekt\u00f3w, zwykle od kilku dni do 2 tygodni.<\/p>\n<\/details>\n\n\n\n<details class=\"wp-block-details has-border-color has-accent-5-border-color has-base-background-color has-background is-layout-flow wp-container-core-details-is-layout-0573dcd3 wp-block-details-is-layout-flow\" style=\"border-width:1px;margin-bottom:var(--wp--preset--spacing--10);padding-top:var(--wp--preset--spacing--10);padding-right:var(--wp--preset--spacing--20);padding-bottom:var(--wp--preset--spacing--10);padding-left:var(--wp--preset--spacing--20);font-size:clamp(14px, 0.875rem + ((1vw - 3.2px) * 0.488), 18px);font-style:normal;font-weight:600\"><summary>Czy mog\u0119 przes\u0142a\u0107 w\u0142asne materia\u0142y do monta\u017cu?<\/summary>\n<p class=\"has-contrast-color has-text-color has-link-color wp-elements-66f15b7a319f26ef89e7a18b8bf325c8\" style=\"font-style:normal;font-weight:400\">Tak, pracujemy zar\u00f3wno na materia\u0142ach dostarczonych przez klienta, jak i nagrywanych przez nas.<\/p>\n<\/details>\n\n\n\n<details class=\"wp-block-details has-border-color has-accent-5-border-color has-base-background-color has-background is-layout-flow wp-container-core-details-is-layout-0573dcd3 wp-block-details-is-layout-flow\" style=\"border-width:1px;margin-bottom:var(--wp--preset--spacing--10);padding-top:var(--wp--preset--spacing--10);padding-right:var(--wp--preset--spacing--20);padding-bottom:var(--wp--preset--spacing--10);padding-left:var(--wp--preset--spacing--20);font-size:clamp(14px, 0.875rem + ((1vw - 3.2px) * 0.488), 18px);font-style:normal;font-weight:600\"><summary>Czy dodajecie napisy, efekty i animacje?<\/summary>\n<p class=\"has-contrast-color has-text-color has-link-color wp-elements-1b2d7dfb46b201b56083bb66371aa3db\" style=\"font-style:normal;font-weight:400\">Tak, oferujemy pe\u0142n\u0105 postprodukcj\u0119 \u2013 korekcj\u0119 kolor\u00f3w, animacje, efekty wizualne i profesjonalne napisy, a tak\u017ce lektora.<\/p>\n<\/details>\n\n\n\n<details class=\"wp-block-details has-border-color has-accent-5-border-color has-base-background-color has-background is-layout-flow wp-container-core-details-is-layout-0573dcd3 wp-block-details-is-layout-flow\" style=\"border-width:1px;margin-bottom:var(--wp--preset--spacing--10);padding-top:var(--wp--preset--spacing--10);padding-right:var(--wp--preset--spacing--20);padding-bottom:var(--wp--preset--spacing--10);padding-left:var(--wp--preset--spacing--20);font-size:clamp(14px, 0.875rem + ((1vw - 3.2px) * 0.488), 18px);font-style:normal;font-weight:600\"><summary>Czy mog\u0119 zg\u0142osi\u0107 poprawki po pierwszej wersji?<\/summary>\n<p class=\"has-contrast-color has-text-color has-link-color wp-elements-61aa9faec803e30eb59468c3d4a41150\" style=\"font-style:normal;font-weight:400\">Oczywi\u015bcie \u2013 w ramach wsp\u00f3\u0142pracy uwzgl\u0119dniamy poprawki, aby finalny materia\u0142 by\u0142 zgodny z Twoj\u0105 wizj\u0105.<\/p>\n<\/details>\n<\/div>\n<\/div>\n<\/div>\n<\/div>\n","protected":false},"excerpt":{"rendered":"<p>Oferujemy profesjonalny monta\u017c wideo, kt\u00f3ry wyr\u00f3\u017cnia si\u0119 szybko\u015bci\u0105, precyzj\u0105 i kreatywno\u015bci\u0105. Pracujemy na najszybszym dost\u0119pnym sprz\u0119cie komputerowym, wykorzystuj\u0105c Adobe Premiere i After Effects, dzi\u0119ki czemu jeste\u015bmy w stanie realizowa\u0107 nawet najbardziej wymagaj\u0105ce projekty nawet w rozdzielczo\u015bci 16K! Dbamy o ka\u017cdy detal \u2013 od rytmu scen, przez korekcj\u0119 kolor\u00f3w, efekty wizualne, animacje i finalny mastering. Montujemy [&hellip;]<\/p>\n","protected":false},"author":1,"featured_media":0,"parent":0,"menu_order":0,"comment_status":"closed","ping_status":"closed","template":"","meta":{"footnotes":""},"class_list":["post-119","page","type-page","status-publish","hentry"],"_links":{"self":[{"href":"https:\/\/gitesmedia.pl\/index.php\/wp-json\/wp\/v2\/pages\/119","targetHints":{"allow":["GET"]}}],"collection":[{"href":"https:\/\/gitesmedia.pl\/index.php\/wp-json\/wp\/v2\/pages"}],"about":[{"href":"https:\/\/gitesmedia.pl\/index.php\/wp-json\/wp\/v2\/types\/page"}],"author":[{"embeddable":true,"href":"https:\/\/gitesmedia.pl\/index.php\/wp-json\/wp\/v2\/users\/1"}],"replies":[{"embeddable":true,"href":"https:\/\/gitesmedia.pl\/index.php\/wp-json\/wp\/v2\/comments?post=119"}],"version-history":[{"count":3,"href":"https:\/\/gitesmedia.pl\/index.php\/wp-json\/wp\/v2\/pages\/119\/revisions"}],"predecessor-version":[{"id":122,"href":"https:\/\/gitesmedia.pl\/index.php\/wp-json\/wp\/v2\/pages\/119\/revisions\/122"}],"wp:attachment":[{"href":"https:\/\/gitesmedia.pl\/index.php\/wp-json\/wp\/v2\/media?parent=119"}],"curies":[{"name":"wp","href":"https:\/\/api.w.org\/{rel}","templated":true}]}}