{"id":106,"date":"2026-01-08T07:57:52","date_gmt":"2026-01-08T07:57:52","guid":{"rendered":"https:\/\/gitesmedia.pl\/?page_id=106"},"modified":"2026-01-08T08:21:46","modified_gmt":"2026-01-08T08:21:46","slug":"spoty-reklamowe","status":"publish","type":"page","link":"https:\/\/gitesmedia.pl\/index.php\/spoty-reklamowe\/","title":{"rendered":"spoty reklamowe"},"content":{"rendered":"\n<div class=\"wp-block-group wow animate__animated animate__fadeInUp has-global-padding is-layout-constrained wp-block-group-is-layout-constrained\" style=\"margin-top:0;margin-bottom:0;padding-top:var(--wp--preset--spacing--50);padding-bottom:var(--wp--preset--spacing--50)\">\n<div class=\"wp-block-columns are-vertically-aligned-center is-layout-flex wp-container-core-columns-is-layout-7fc3d43a wp-block-columns-is-layout-flex\">\n<div class=\"wp-block-column is-vertically-aligned-center wow animate__animated animate__fadeInUp is-layout-flow wp-block-column-is-layout-flow\" style=\"flex-basis:45%\">\n<div class=\"wp-block-group has-global-padding is-layout-constrained wp-block-group-is-layout-constrained\" style=\"margin-top:0;margin-bottom:0;padding-top:0;padding-bottom:0\">\n<p>Tworzymy spoty reklamowe, kt\u00f3re realnie wspieraj\u0105 sprzeda\u017c i buduj\u0105 rozpoznawalno\u015b\u0107 marki. <\/p>\n\n\n\n<p>Skupiamy si\u0119 na jasnym przekazie, emocjach i obrazie, kt\u00f3ry zatrzymuje uwag\u0119 odbiorcy ju\u017c od pierwszych sekund. <\/p>\n\n\n\n<p>Ka\u017cdy projekt dopasowujemy do celu kampanii oraz kana\u0142\u00f3w dystrybucji \u2013 od social medi\u00f3w po reklamy online. <\/p>\n\n\n\n<p>Od koncepcji i scenariusza, przez realizacj\u0119, a\u017c po monta\u017c i finalny efekt, dbamy o to, aby reklama nie tylko wygl\u0105da\u0142a dobrze, ale przede wszystkim dzia\u0142a\u0142a.<\/p>\n<\/div>\n<\/div>\n\n\n\n<div class=\"wp-block-column is-vertically-aligned-center wow animate__animated animate__fadeInUp is-layout-flow wp-block-column-is-layout-flow\">\n<figure class=\"wp-block-image size-large has-custom-border\"><img loading=\"lazy\" decoding=\"async\" width=\"1024\" height=\"683\" src=\"https:\/\/gitesmedia.pl\/wp-content\/uploads\/2026\/01\/001-1024x683.png\" alt=\"\" class=\"wp-image-108\" style=\"border-radius:8px\" srcset=\"https:\/\/gitesmedia.pl\/wp-content\/uploads\/2026\/01\/001-1024x683.png 1024w, https:\/\/gitesmedia.pl\/wp-content\/uploads\/2026\/01\/001-300x200.png 300w, https:\/\/gitesmedia.pl\/wp-content\/uploads\/2026\/01\/001-768x512.png 768w, https:\/\/gitesmedia.pl\/wp-content\/uploads\/2026\/01\/001.png 1536w\" sizes=\"auto, (max-width: 1024px) 100vw, 1024px\" \/><\/figure>\n<\/div>\n<\/div>\n<\/div>\n\n\n\n<div class=\"wp-block-group wow animate__animated animate__fadeInUp has-global-padding is-layout-constrained wp-block-group-is-layout-constrained\" style=\"margin-top:0;margin-bottom:0;padding-top:var(--wp--preset--spacing--50);padding-bottom:var(--wp--preset--spacing--50)\">\n<div class=\"wp-block-columns are-vertically-aligned-center is-layout-flex wp-container-core-columns-is-layout-7fc3d43a wp-block-columns-is-layout-flex\">\n<div class=\"wp-block-column is-vertically-aligned-center wow animate__animated animate__fadeInUp is-layout-flow wp-block-column-is-layout-flow\">\n<figure class=\"wp-block-image size-large has-custom-border\"><img loading=\"lazy\" decoding=\"async\" width=\"1024\" height=\"683\" src=\"https:\/\/gitesmedia.pl\/wp-content\/uploads\/2026\/01\/002-1024x683.png\" alt=\"\" class=\"wp-image-109\" style=\"border-radius:8px\" srcset=\"https:\/\/gitesmedia.pl\/wp-content\/uploads\/2026\/01\/002-1024x683.png 1024w, https:\/\/gitesmedia.pl\/wp-content\/uploads\/2026\/01\/002-300x200.png 300w, https:\/\/gitesmedia.pl\/wp-content\/uploads\/2026\/01\/002-768x512.png 768w, https:\/\/gitesmedia.pl\/wp-content\/uploads\/2026\/01\/002.png 1536w\" sizes=\"auto, (max-width: 1024px) 100vw, 1024px\" \/><\/figure>\n<\/div>\n\n\n\n<div class=\"wp-block-column is-vertically-aligned-center wow animate__animated animate__fadeInUp is-layout-flow wp-block-column-is-layout-flow\" style=\"flex-basis:45%\">\n<div class=\"wp-block-group has-global-padding is-layout-constrained wp-block-group-is-layout-constrained\" style=\"margin-top:0;margin-bottom:0;padding-top:0;padding-bottom:0\">\n<p class=\"has-text-align-left\" style=\"margin-top:0;margin-bottom:0\"><mark style=\"background-color:rgba(0, 0, 0, 0);color:#01a4ef\" class=\"has-inline-color\">SPOTY REKLAMOWE<\/mark><\/p>\n\n\n\n<h2 class=\"wp-block-heading has-text-align-left has-body-font-family\" style=\"margin-top:0;font-size:clamp(20px, 1.25rem + ((1vw - 3.2px) * 1.463), 32px);font-style:normal;font-weight:500;line-height:1.2\"><mark style=\"background-color:rgba(0, 0, 0, 0)\" class=\"has-inline-color has-primary-color\">pytania i <\/mark><mark style=\"background-color:rgba(0, 0, 0, 0);color:#fa069d\" class=\"has-inline-color\">odpowiedzi<\/mark><\/h2>\n\n\n\n<details class=\"wp-block-details has-border-color has-accent-5-border-color has-base-background-color has-background is-layout-flow wp-container-core-details-is-layout-0573dcd3 wp-block-details-is-layout-flow\" style=\"border-width:1px;margin-bottom:var(--wp--preset--spacing--10);padding-top:var(--wp--preset--spacing--10);padding-right:var(--wp--preset--spacing--20);padding-bottom:var(--wp--preset--spacing--10);padding-left:var(--wp--preset--spacing--20);font-size:clamp(14px, 0.875rem + ((1vw - 3.2px) * 0.488), 18px);font-style:normal;font-weight:600\"><summary>Ile trwa realizacja spotu reklamowego?<\/summary>\n<p class=\"has-contrast-color has-text-color has-link-color wp-elements-a30eab80667efdad3e984ca8113c8eea\" style=\"font-style:normal;font-weight:400\">Czas realizacji zale\u017cy od skali projektu, jednak wi\u0119kszo\u015b\u0107 spot\u00f3w powstaje w ci\u0105gu 7\u201314 dni roboczych. W przypadku prostszych form reklamowych mo\u017cliwa jest szybsza realizacja.<\/p>\n<\/details>\n\n\n\n<details class=\"wp-block-details has-border-color has-accent-5-border-color has-base-background-color has-background is-layout-flow wp-container-core-details-is-layout-0573dcd3 wp-block-details-is-layout-flow\" style=\"border-width:1px;margin-bottom:var(--wp--preset--spacing--10);padding-top:var(--wp--preset--spacing--10);padding-right:var(--wp--preset--spacing--20);padding-bottom:var(--wp--preset--spacing--10);padding-left:var(--wp--preset--spacing--20);font-size:clamp(14px, 0.875rem + ((1vw - 3.2px) * 0.488), 18px);font-style:normal;font-weight:600\"><summary>Czy pomagacie w stworzeniu pomys\u0142u i scenariusza?<\/summary>\n<p class=\"has-contrast-color has-text-color has-link-color wp-elements-9e78bf9fb6c0dbfe4bc679a86b498f97\" style=\"font-style:normal;font-weight:400\">Tak. Zajmujemy si\u0119 ca\u0142ym procesem kreatywnym \u2013 od koncepcji i scenariusza, po realizacj\u0119 i monta\u017c. Je\u015bli masz tylko og\u00f3lny pomys\u0142 lub nie masz go wcale, pomo\u017cemy wypracowa\u0107 najlepsze rozwi\u0105zanie.<\/p>\n<\/details>\n\n\n\n<details class=\"wp-block-details has-border-color has-accent-5-border-color has-base-background-color has-background is-layout-flow wp-container-core-details-is-layout-0573dcd3 wp-block-details-is-layout-flow\" style=\"border-width:1px;margin-bottom:var(--wp--preset--spacing--10);padding-top:var(--wp--preset--spacing--10);padding-right:var(--wp--preset--spacing--20);padding-bottom:var(--wp--preset--spacing--10);padding-left:var(--wp--preset--spacing--20);font-size:clamp(14px, 0.875rem + ((1vw - 3.2px) * 0.488), 18px);font-style:normal;font-weight:600\"><summary>Czy spoty s\u0105 dostosowane do social medi\u00f3w?<\/summary>\n<p class=\"has-contrast-color has-text-color has-link-color wp-elements-c660bd60a41aa2a857de973c41f375a7\" style=\"font-style:normal;font-weight:400\">Tak. Na \u017cyczenie klienta przygotowujemy materia\u0142y zoptymalizowane pod r\u00f3\u017cne platformy, takie jak Instagram, Facebook, TikTok czy YouTube, zar\u00f3wno w formatach pionowych, jak i poziomych.<\/p>\n<\/details>\n\n\n\n<details class=\"wp-block-details has-border-color has-accent-5-border-color has-base-background-color has-background is-layout-flow wp-container-core-details-is-layout-0573dcd3 wp-block-details-is-layout-flow\" style=\"border-width:1px;margin-bottom:var(--wp--preset--spacing--10);padding-top:var(--wp--preset--spacing--10);padding-right:var(--wp--preset--spacing--20);padding-bottom:var(--wp--preset--spacing--10);padding-left:var(--wp--preset--spacing--20);font-size:clamp(14px, 0.875rem + ((1vw - 3.2px) * 0.488), 18px);font-style:normal;font-weight:600\"><summary>Ile kosztuje realizacja spotu reklamowego?<\/summary>\n<p class=\"has-contrast-color has-text-color has-link-color wp-elements-ad0ef1810f0b19632daf27256b77b536\" style=\"font-style:normal;font-weight:400\">Ka\u017cdy projekt wyceniamy indywidualnie, w zale\u017cno\u015bci od zakresu prac, czasu realizacji i formy spotu. Skontaktuj si\u0119 z nami, aby otrzyma\u0107 dopasowan\u0105 ofert\u0119 do Twoich potrzeb i bud\u017cetu.<\/p>\n<\/details>\n<\/div>\n<\/div>\n<\/div>\n<\/div>\n","protected":false},"excerpt":{"rendered":"<p>Tworzymy spoty reklamowe, kt\u00f3re realnie wspieraj\u0105 sprzeda\u017c i buduj\u0105 rozpoznawalno\u015b\u0107 marki. Skupiamy si\u0119 na jasnym przekazie, emocjach i obrazie, kt\u00f3ry zatrzymuje uwag\u0119 odbiorcy ju\u017c od pierwszych sekund. Ka\u017cdy projekt dopasowujemy do celu kampanii oraz kana\u0142\u00f3w dystrybucji \u2013 od social medi\u00f3w po reklamy online. Od koncepcji i scenariusza, przez realizacj\u0119, a\u017c po monta\u017c i finalny efekt, [&hellip;]<\/p>\n","protected":false},"author":1,"featured_media":0,"parent":0,"menu_order":0,"comment_status":"closed","ping_status":"closed","template":"","meta":{"footnotes":""},"class_list":["post-106","page","type-page","status-publish","hentry"],"_links":{"self":[{"href":"https:\/\/gitesmedia.pl\/index.php\/wp-json\/wp\/v2\/pages\/106","targetHints":{"allow":["GET"]}}],"collection":[{"href":"https:\/\/gitesmedia.pl\/index.php\/wp-json\/wp\/v2\/pages"}],"about":[{"href":"https:\/\/gitesmedia.pl\/index.php\/wp-json\/wp\/v2\/types\/page"}],"author":[{"embeddable":true,"href":"https:\/\/gitesmedia.pl\/index.php\/wp-json\/wp\/v2\/users\/1"}],"replies":[{"embeddable":true,"href":"https:\/\/gitesmedia.pl\/index.php\/wp-json\/wp\/v2\/comments?post=106"}],"version-history":[{"count":3,"href":"https:\/\/gitesmedia.pl\/index.php\/wp-json\/wp\/v2\/pages\/106\/revisions"}],"predecessor-version":[{"id":116,"href":"https:\/\/gitesmedia.pl\/index.php\/wp-json\/wp\/v2\/pages\/106\/revisions\/116"}],"wp:attachment":[{"href":"https:\/\/gitesmedia.pl\/index.php\/wp-json\/wp\/v2\/media?parent=106"}],"curies":[{"name":"wp","href":"https:\/\/api.w.org\/{rel}","templated":true}]}}